{"id":274,"date":"2025-03-27T07:18:40","date_gmt":"2025-03-27T07:18:40","guid":{"rendered":"https:\/\/drpinard.com\/?page_id=274"},"modified":"2025-03-28T13:55:31","modified_gmt":"2025-03-28T17:55:31","slug":"euthanasie-animale","status":"publish","type":"page","link":"https:\/\/drpinard.com\/en\/euthanasie-animale\/","title":{"rendered":"Animal euthanasia"},"content":{"rendered":"<div data-elementor-type=\"wp-page\" data-elementor-id=\"274\" class=\"elementor elementor-274\">\n\t\t\t\t\t\t<section class=\"elementor-section elementor-top-section elementor-element elementor-element-61bf38ef elementor-section-boxed elementor-section-height-default elementor-section-height-default\" data-id=\"61bf38ef\" data-element_type=\"section\" id=\"team\">\n\t\t\t\t\t\t<div class=\"elementor-container elementor-column-gap-default\">\n\t\t\t\t\t<div class=\"elementor-column elementor-col-100 elementor-top-column elementor-element elementor-element-3a9f7282\" data-id=\"3a9f7282\" data-element_type=\"column\">\n\t\t\t<div class=\"elementor-widget-wrap elementor-element-populated\">\n\t\t\t\t\t\t<div class=\"elementor-element elementor-element-6a6fcac6 elementor-widget elementor-widget-spacer\" data-id=\"6a6fcac6\" data-element_type=\"widget\" data-widget_type=\"spacer.default\">\n\t\t\t\t<div class=\"elementor-widget-container\">\n\t\t\t\t\t\t\t<div class=\"elementor-spacer\">\n\t\t\t<div class=\"elementor-spacer-inner\"><\/div>\n\t\t<\/div>\n\t\t\t\t\t\t<\/div>\n\t\t\t\t<\/div>\n\t\t\t\t<div class=\"elementor-element elementor-element-461dc871 elementor-view-default elementor-position-top elementor-widget elementor-widget-themo-header\" data-id=\"461dc871\" data-element_type=\"widget\" data-widget_type=\"themo-header.default\">\n\t\t\t\t<div class=\"elementor-widget-container\">\n\t\t\t\t\t\t\t<div class=\"th-header-wrap\">\n        <div class=\"elementor-icon-box-wrapper\">\n                            <div class=\"elementor-icon-box-content\">\n                    <h1 class=\"elementor-icon-box-title\">\n                        Animal euthanasia                    <\/h1>\n                                            <span class=\"th-header-divider\"><\/span>\n                                        <p class=\"elementor-icon-box-description\">There are circumstances in which we must depart from our dear companion. Whether it\u2019s illness, accident or some other circumstance we know that this step is very difficult. That\u2019s why we offer the service of animal euthanasia at home. First, it is very important to take the time to talk about it, whether with relatives, counselors or health professionals. You will be better positioned to make your decision and prepare for the future. Our team will be able to take the time to assess the situation and see with you if the time has come to proceed with euthanasia. We are also here to explain how the procedure will take place.<\/p>\n\n                                    <\/div>\n            <\/div>\n\n        <\/div>\n\n\t\t\t\t\t\t<\/div>\n\t\t\t\t<\/div>\n\t\t\t\t<div class=\"elementor-element elementor-element-360f97c elementor-widget elementor-widget-image\" data-id=\"360f97c\" data-element_type=\"widget\" data-widget_type=\"image.default\">\n\t\t\t\t<div class=\"elementor-widget-container\">\n\t\t\t\t\t\t\t\t\t\t\t\t\t\t\t<img fetchpriority=\"high\" decoding=\"async\" width=\"1024\" height=\"682\" src=\"https:\/\/drpinard.com\/wp-content\/uploads\/2025\/03\/euthanasie-animale-1024x682.jpg\" class=\"attachment-large size-large wp-image-459\" alt=\"\" srcset=\"https:\/\/drpinard.com\/wp-content\/uploads\/2025\/03\/euthanasie-animale-1024x682.jpg 1024w, https:\/\/drpinard.com\/wp-content\/uploads\/2025\/03\/euthanasie-animale-300x200.jpg 300w, https:\/\/drpinard.com\/wp-content\/uploads\/2025\/03\/euthanasie-animale-768x512.jpg 768w, https:\/\/drpinard.com\/wp-content\/uploads\/2025\/03\/euthanasie-animale-1536x1023.jpg 1536w, https:\/\/drpinard.com\/wp-content\/uploads\/2025\/03\/euthanasie-animale-2048x1364.jpg 2048w, https:\/\/drpinard.com\/wp-content\/uploads\/2025\/03\/euthanasie-animale-18x12.jpg 18w, https:\/\/drpinard.com\/wp-content\/uploads\/2025\/03\/euthanasie-animale-45x30.jpg 45w, https:\/\/drpinard.com\/wp-content\/uploads\/2025\/03\/euthanasie-animale-120x80.jpg 120w, https:\/\/drpinard.com\/wp-content\/uploads\/2025\/03\/euthanasie-animale-394x262.jpg 394w, https:\/\/drpinard.com\/wp-content\/uploads\/2025\/03\/euthanasie-animale-915x610.jpg 915w, https:\/\/drpinard.com\/wp-content\/uploads\/2025\/03\/euthanasie-animale-1240x826.jpg 1240w, https:\/\/drpinard.com\/wp-content\/uploads\/2025\/03\/euthanasie-animale-1621x1080.jpg 1621w\" sizes=\"(max-width: 1024px) 100vw, 1024px\" \/>\t\t\t\t\t\t\t\t\t\t\t\t\t\t\t<\/div>\n\t\t\t\t<\/div>\n\t\t\t\t<div class=\"elementor-element elementor-element-332c119 elementor-view-default elementor-position-top elementor-widget elementor-widget-themo-header\" data-id=\"332c119\" data-element_type=\"widget\" data-widget_type=\"themo-header.default\">\n\t\t\t\t<div class=\"elementor-widget-container\">\n\t\t\t\t\t\t\t<div class=\"th-header-wrap\">\n        <div class=\"elementor-icon-box-wrapper\">\n                            <div class=\"elementor-icon-box-content\">\n                    <h1 class=\"elementor-icon-box-title\">\n                                            <\/h1>\n                                        <p class=\"elementor-icon-box-description\">The procedure takes place at home so it provides the comfort of staying at home and removes great stress for the pet. He thus keeps his bearings, his habits and remains in the presence of his loved ones. At all times the procedure is discreet and intimate. To start the veterinarian you will have to sign an authorization to carry out the animal euthanasia. Subsequently, a first injection is administered intramuscularly. This sedation provides great relaxation and even makes the animal sleep most of the time. We leave you, then, in your intimacy with your companion for a few minutes. This usually takes about ten minutes to take effect. Afterwards we shave the paw and proceeded with an intravenous injection of a powerful drug. This causes the breath to stop and then to stop the heart before the end of the injection. All this is done without reaction on the part of the animal in general, it is as if it was falling asleep. We confirm the death by an auscultation using a stethoscope. At this stage we leave you alone with your pet to initiate the process of mourning. We return later to seek your faithful companion to bring it with us.\n\nA frequently asked question is what happens afterwards? First it is stored in the cold then a company specialized in incineration comes to look for it. During the visit the veterinarian will ask you if you want an individual or group incineration. What this means is that if you choose collective incineration the procedure of cremation is done including several animals. If, on the other hand, you choose an individual incineration your animal will be incinerated alone and the ashes will be put back in an urn. At the time of the visit a member of our team will show you a range of models of urns so you will be able to make your choice as well as writings that you want to inscribe on a plaque placed on the urn. The return of ashes directly to your home will be carried out within one to two weeks.\n\nWe would like to accompany you also in the period following the departure of your loved one because we know that this is very difficult to live. We are available to discuss it with you and hold your hand in this process. Do not hesitate to talk with us, especially consider to take good care of you because you also are very important in the relation with your pet.<\/p>\n\n                                    <\/div>\n            <\/div>\n\n        <\/div>\n\n\t\t\t\t\t\t<\/div>\n\t\t\t\t<\/div>\n\t\t\t\t\t<\/div>\n\t\t<\/div>\n\t\t\t\t\t<\/div>\n\t\t<\/section>\n\t\t\t\t<\/div>","protected":false},"excerpt":{"rendered":"<p>Euthanasie animale Il arrive des circonstances o\u00f9 nous devons nous d\u00e9partir de notre cher compagnon. Que ce soit la maladie, un accident ou une autre circonstance nous savons que cette \u00e9tape est bien difficile. C\u2019est pour cette raison que nous &hellip; <a href=\"https:\/\/drpinard.com\/en\/euthanasie-animale\/\">Read More<\/a><\/p>","protected":false},"author":4,"featured_media":0,"parent":0,"menu_order":-10,"comment_status":"closed","ping_status":"closed","template":"","meta":{"footnotes":""},"class_list":["post-274","page","type-page","status-publish","hentry"],"yoast_head":"<!-- This site is optimized with the Yoast SEO plugin v24.8.1 - https:\/\/yoast.com\/wordpress\/plugins\/seo\/ -->\n<title>Euthanasie animale - Dre Isabelle Pinard<\/title>\n<meta name=\"robots\" content=\"index, follow, max-snippet:-1, max-image-preview:large, max-video-preview:-1\" \/>\n<link rel=\"canonical\" href=\"https:\/\/drpinard.com\/en\/euthanasie-animale\/\" \/>\n<meta property=\"og:locale\" content=\"en_US\" \/>\n<meta property=\"og:type\" content=\"article\" \/>\n<meta property=\"og:title\" content=\"Euthanasie animale - Dre Isabelle Pinard\" \/>\n<meta property=\"og:description\" content=\"Euthanasie animale Il arrive des circonstances o\u00f9 nous devons nous d\u00e9partir de notre cher compagnon. Que ce soit la maladie, un accident ou une autre circonstance nous savons que cette \u00e9tape est bien difficile. C\u2019est pour cette raison que nous &hellip; Read More\" \/>\n<meta property=\"og:url\" content=\"https:\/\/drpinard.com\/en\/euthanasie-animale\/\" \/>\n<meta property=\"og:site_name\" content=\"Dre Isabelle Pinard\" \/>\n<meta property=\"article:modified_time\" content=\"2025-03-28T17:55:31+00:00\" \/>\n<meta property=\"og:image\" content=\"https:\/\/drpinard.com\/wp-content\/uploads\/2025\/03\/euthanasie-animale-1024x682.jpg\" \/>\n<meta name=\"twitter:card\" content=\"summary_large_image\" \/>\n<meta name=\"twitter:label1\" content=\"Est. reading time\" \/>\n\t<meta name=\"twitter:data1\" content=\"3 minutes\" \/>\n<script type=\"application\/ld+json\" class=\"yoast-schema-graph\">{\"@context\":\"https:\/\/schema.org\",\"@graph\":[{\"@type\":\"WebPage\",\"@id\":\"https:\/\/drpinard.com\/euthanasie-animale\/\",\"url\":\"https:\/\/drpinard.com\/euthanasie-animale\/\",\"name\":\"Euthanasie animale - Dre Isabelle Pinard\",\"isPartOf\":{\"@id\":\"https:\/\/drpinard.com\/#website\"},\"primaryImageOfPage\":{\"@id\":\"https:\/\/drpinard.com\/euthanasie-animale\/#primaryimage\"},\"image\":{\"@id\":\"https:\/\/drpinard.com\/euthanasie-animale\/#primaryimage\"},\"thumbnailUrl\":\"https:\/\/drpinard.com\/wp-content\/uploads\/2025\/03\/euthanasie-animale-1024x682.jpg\",\"datePublished\":\"2025-03-27T07:18:40+00:00\",\"dateModified\":\"2025-03-28T17:55:31+00:00\",\"breadcrumb\":{\"@id\":\"https:\/\/drpinard.com\/euthanasie-animale\/#breadcrumb\"},\"inLanguage\":\"en-CA\",\"potentialAction\":[{\"@type\":\"ReadAction\",\"target\":[\"https:\/\/drpinard.com\/euthanasie-animale\/\"]}]},{\"@type\":\"ImageObject\",\"inLanguage\":\"en-CA\",\"@id\":\"https:\/\/drpinard.com\/euthanasie-animale\/#primaryimage\",\"url\":\"https:\/\/drpinard.com\/wp-content\/uploads\/2025\/03\/euthanasie-animale-1024x682.jpg\",\"contentUrl\":\"https:\/\/drpinard.com\/wp-content\/uploads\/2025\/03\/euthanasie-animale-1024x682.jpg\"},{\"@type\":\"BreadcrumbList\",\"@id\":\"https:\/\/drpinard.com\/euthanasie-animale\/#breadcrumb\",\"itemListElement\":[{\"@type\":\"ListItem\",\"position\":1,\"name\":\"Accueil\",\"item\":\"https:\/\/drpinard.com\/\"},{\"@type\":\"ListItem\",\"position\":2,\"name\":\"Euthanasie animale\"}]},{\"@type\":\"WebSite\",\"@id\":\"https:\/\/drpinard.com\/#website\",\"url\":\"https:\/\/drpinard.com\/\",\"name\":\"Dre Isabelle Pinard\",\"description\":\"\",\"publisher\":{\"@id\":\"https:\/\/drpinard.com\/#organization\"},\"potentialAction\":[{\"@type\":\"SearchAction\",\"target\":{\"@type\":\"EntryPoint\",\"urlTemplate\":\"https:\/\/drpinard.com\/?s={search_term_string}\"},\"query-input\":{\"@type\":\"PropertyValueSpecification\",\"valueRequired\":true,\"valueName\":\"search_term_string\"}}],\"inLanguage\":\"en-CA\"},{\"@type\":\"Organization\",\"@id\":\"https:\/\/drpinard.com\/#organization\",\"name\":\"Dre Isabelle Pinard\",\"url\":\"https:\/\/drpinard.com\/\",\"logo\":{\"@type\":\"ImageObject\",\"inLanguage\":\"en-CA\",\"@id\":\"https:\/\/drpinard.com\/#\/schema\/logo\/image\/\",\"url\":\"https:\/\/drpinard.com\/wp-content\/uploads\/2025\/03\/cropped-logos_dr_Pinard2015c-1.png\",\"contentUrl\":\"https:\/\/drpinard.com\/wp-content\/uploads\/2025\/03\/cropped-logos_dr_Pinard2015c-1.png\",\"width\":259,\"height\":125,\"caption\":\"Dre Isabelle Pinard\"},\"image\":{\"@id\":\"https:\/\/drpinard.com\/#\/schema\/logo\/image\/\"}}]}<\/script>\n<!-- \/ Yoast SEO plugin. -->","yoast_head_json":{"title":"Euthanasie animale - Dre Isabelle Pinard","robots":{"index":"index","follow":"follow","max-snippet":"max-snippet:-1","max-image-preview":"max-image-preview:large","max-video-preview":"max-video-preview:-1"},"canonical":"https:\/\/drpinard.com\/en\/euthanasie-animale\/","og_locale":"en_US","og_type":"article","og_title":"Euthanasie animale - Dre Isabelle Pinard","og_description":"Euthanasie animale Il arrive des circonstances o\u00f9 nous devons nous d\u00e9partir de notre cher compagnon. Que ce soit la maladie, un accident ou une autre circonstance nous savons que cette \u00e9tape est bien difficile. C\u2019est pour cette raison que nous &hellip; Read More","og_url":"https:\/\/drpinard.com\/en\/euthanasie-animale\/","og_site_name":"Dre Isabelle Pinard","article_modified_time":"2025-03-28T17:55:31+00:00","og_image":[{"url":"https:\/\/drpinard.com\/wp-content\/uploads\/2025\/03\/euthanasie-animale-1024x682.jpg","type":"","width":"","height":""}],"twitter_card":"summary_large_image","twitter_misc":{"Est. reading time":"3 minutes"},"schema":{"@context":"https:\/\/schema.org","@graph":[{"@type":"WebPage","@id":"https:\/\/drpinard.com\/euthanasie-animale\/","url":"https:\/\/drpinard.com\/euthanasie-animale\/","name":"Euthanasie animale - Dre Isabelle Pinard","isPartOf":{"@id":"https:\/\/drpinard.com\/#website"},"primaryImageOfPage":{"@id":"https:\/\/drpinard.com\/euthanasie-animale\/#primaryimage"},"image":{"@id":"https:\/\/drpinard.com\/euthanasie-animale\/#primaryimage"},"thumbnailUrl":"https:\/\/drpinard.com\/wp-content\/uploads\/2025\/03\/euthanasie-animale-1024x682.jpg","datePublished":"2025-03-27T07:18:40+00:00","dateModified":"2025-03-28T17:55:31+00:00","breadcrumb":{"@id":"https:\/\/drpinard.com\/euthanasie-animale\/#breadcrumb"},"inLanguage":"en-CA","potentialAction":[{"@type":"ReadAction","target":["https:\/\/drpinard.com\/euthanasie-animale\/"]}]},{"@type":"ImageObject","inLanguage":"en-CA","@id":"https:\/\/drpinard.com\/euthanasie-animale\/#primaryimage","url":"https:\/\/drpinard.com\/wp-content\/uploads\/2025\/03\/euthanasie-animale-1024x682.jpg","contentUrl":"https:\/\/drpinard.com\/wp-content\/uploads\/2025\/03\/euthanasie-animale-1024x682.jpg"},{"@type":"BreadcrumbList","@id":"https:\/\/drpinard.com\/euthanasie-animale\/#breadcrumb","itemListElement":[{"@type":"ListItem","position":1,"name":"Accueil","item":"https:\/\/drpinard.com\/"},{"@type":"ListItem","position":2,"name":"Euthanasie animale"}]},{"@type":"WebSite","@id":"https:\/\/drpinard.com\/#website","url":"https:\/\/drpinard.com\/","name":"Dre Isabelle Pinard","description":"","publisher":{"@id":"https:\/\/drpinard.com\/#organization"},"potentialAction":[{"@type":"SearchAction","target":{"@type":"EntryPoint","urlTemplate":"https:\/\/drpinard.com\/?s={search_term_string}"},"query-input":{"@type":"PropertyValueSpecification","valueRequired":true,"valueName":"search_term_string"}}],"inLanguage":"en-CA"},{"@type":"Organization","@id":"https:\/\/drpinard.com\/#organization","name":"Dre Isabelle Pinard","url":"https:\/\/drpinard.com\/","logo":{"@type":"ImageObject","inLanguage":"en-CA","@id":"https:\/\/drpinard.com\/#\/schema\/logo\/image\/","url":"https:\/\/drpinard.com\/wp-content\/uploads\/2025\/03\/cropped-logos_dr_Pinard2015c-1.png","contentUrl":"https:\/\/drpinard.com\/wp-content\/uploads\/2025\/03\/cropped-logos_dr_Pinard2015c-1.png","width":259,"height":125,"caption":"Dre Isabelle Pinard"},"image":{"@id":"https:\/\/drpinard.com\/#\/schema\/logo\/image\/"}}]}},"_links":{"self":[{"href":"https:\/\/drpinard.com\/en\/wp-json\/wp\/v2\/pages\/274","targetHints":{"allow":["GET"]}}],"collection":[{"href":"https:\/\/drpinard.com\/en\/wp-json\/wp\/v2\/pages"}],"about":[{"href":"https:\/\/drpinard.com\/en\/wp-json\/wp\/v2\/types\/page"}],"author":[{"embeddable":true,"href":"https:\/\/drpinard.com\/en\/wp-json\/wp\/v2\/users\/4"}],"replies":[{"embeddable":true,"href":"https:\/\/drpinard.com\/en\/wp-json\/wp\/v2\/comments?post=274"}],"version-history":[{"count":22,"href":"https:\/\/drpinard.com\/en\/wp-json\/wp\/v2\/pages\/274\/revisions"}],"predecessor-version":[{"id":465,"href":"https:\/\/drpinard.com\/en\/wp-json\/wp\/v2\/pages\/274\/revisions\/465"}],"wp:attachment":[{"href":"https:\/\/drpinard.com\/en\/wp-json\/wp\/v2\/media?parent=274"}],"curies":[{"name":"wp","href":"https:\/\/api.w.org\/{rel}","templated":true}]}}