{"id":294,"date":"2025-03-27T07:34:08","date_gmt":"2025-03-27T07:34:08","guid":{"rendered":"https:\/\/drpinard.com\/?page_id=294"},"modified":"2025-08-06T12:45:37","modified_gmt":"2025-08-06T16:45:37","slug":"nous-contacter","status":"publish","type":"page","link":"https:\/\/drpinard.com\/en\/nous-contacter\/","title":{"rendered":"Contact us"},"content":{"rendered":"<p><\/p>\n\n\n\n<p><\/p>\n\n\n\n<p><\/p>\n\n\n\n<p><\/p>\n\n\n\n<p><\/p>\n\n\n<h1>Contactez Dre Pinard<\/h1>\n<p>For more information about our veterinary services at home or for any further informations, contact Dre Pinard by filling up our form!<\/p>\n<\/p>\n\n\n<!-- Styles pour un look moderne -->\n<style>\n  .formsubmit-form {\n    max-width: 600px;\n    margin: 0 auto;\n    padding: 2rem;\n    background: #ffffff;\n    border-radius: 8px;\n    box-shadow: 0 4px 12px rgba(0,0,0,0.1);\n    font-family: \"Helvetica Neue\", Arial, sans-serif;\n  }\n  .formsubmit-form .form-group {\n    margin-bottom: 1.5rem;\n  }\n  .formsubmit-form label {\n    display: block;\n    margin-bottom: 0.5rem;\n    font-weight: 600;\n    color: #333;\n  }\n  .formsubmit-form input,\n  .formsubmit-form textarea {\n    width: 100%;\n    padding: 0.75rem 1rem;\n    border: 1px solid #ccc;\n    border-radius: 4px;\n    font-size: 1rem;\n    transition: border-color 0.2s;\n  }\n  .formsubmit-form input:focus,\n  .formsubmit-form textarea:focus {\n    outline: none;\n    border-color: #007bff;\n  }\n  .formsubmit-form button {\n    display: inline-block;\n    background-color: #007bff;\n    color: #fff;\n    padding: 0.75rem 1.5rem;\n    border: none;\n    border-radius: 4px;\n    font-size: 1rem;\n    cursor: pointer;\n    transition: background-color 0.2s;\n  }\n  .formsubmit-form button:hover {\n    background-color: #0056b3;\n  }\n<\/style>\n\n<!-- Formulaire -->\n<form\n  class=\"formsubmit-form\"\n  action=\"https:\/\/formsubmit.co\/drpinardweb@gmail.com\"\n  method=\"POST\"\n>\n  <!-- CC cach\u00e9 -->\n  <input type=\"hidden\" name=\"_cc\" value=\"info@drpinard.com\">\n  <!-- D\u00e9sactivation du captcha natif Formsubmit -->\n  <input type=\"hidden\" name=\"_captcha\" value=\"false\">\n  <!-- Honeypot pour r\u00e9duire le spam -->\n  <input type=\"text\" name=\"_honey\" style=\"display:none\">\n\n  <div class=\"form-group\">\n    <label for=\"fullname\">Nom et pr\u00e9nom <span style=\"color:#d00\">*<\/span><\/label>\n    <input type=\"text\" id=\"fullname\" name=\"fullname\" placeholder=\"Nom et pr\u00e9nom\" required>\n  <\/div>\n\n  <div class=\"form-group\">\n    <label for=\"email\">Votre courriel <span style=\"color:#d00\">*<\/span><\/label>\n    <input type=\"email\" id=\"email\" name=\"email\" placeholder=\"exemple@domaine.com\" required>\n  <\/div>\n\n  <div class=\"form-group\">\n    <label for=\"phone\">Num\u00e9ro de t\u00e9l\u00e9phone <span style=\"color:#d00\">*<\/span><\/label>\n    <input type=\"tel\" id=\"phone\" name=\"phone\" placeholder=\"450-555-5555\" required>\n  <\/div>\n\n  <div class=\"form-group\">\n    <label for=\"subject\">Subject (mandatory)<\/label>\n    <input type=\"text\" id=\"subject\" name=\"subject\" placeholder=\"Objet de votre message\">\n  <\/div>\n\n  <div class=\"form-group\">\n    <label for=\"message\">Tout autre renseignement et Votre Message <span style=\"color:#d00\">*<\/span><\/label>\n    <textarea id=\"message\" name=\"message\" rows=\"6\" placeholder=\"Votre message...\" required><\/textarea>\n  <\/div>\n\n  <button type=\"submit\">Envoyer<\/button>\n<\/form>","protected":false},"excerpt":{"rendered":"<p>Contactez Dre Pinard Pour de plus amples informations concernant nos services v\u00e9t\u00e9rinaires \u00e0 domicile ou pour tout autres renseignements, il suffit de contacter la Dre Pinard en remplissant notre formulaire! Nom et pr\u00e9nom * Votre courriel * Num\u00e9ro de t\u00e9l\u00e9phone &hellip; <a href=\"https:\/\/drpinard.com\/en\/nous-contacter\/\">Read More<\/a><\/p>","protected":false},"author":4,"featured_media":0,"parent":0,"menu_order":-10,"comment_status":"closed","ping_status":"closed","template":"elementor_theme","meta":{"footnotes":""},"class_list":["post-294","page","type-page","status-publish","hentry"],"yoast_head":"<!-- This site is optimized with the Yoast SEO plugin v24.8.1 - https:\/\/yoast.com\/wordpress\/plugins\/seo\/ -->\n<title>Nous Contacter - Dre Isabelle Pinard<\/title>\n<meta name=\"robots\" content=\"index, follow, max-snippet:-1, max-image-preview:large, max-video-preview:-1\" \/>\n<link rel=\"canonical\" href=\"https:\/\/drpinard.com\/en\/nous-contacter\/\" \/>\n<meta property=\"og:locale\" content=\"en_US\" \/>\n<meta property=\"og:type\" content=\"article\" \/>\n<meta property=\"og:title\" content=\"Nous Contacter - Dre Isabelle Pinard\" \/>\n<meta property=\"og:description\" content=\"Contactez Dre Pinard Pour de plus amples informations concernant nos services v\u00e9t\u00e9rinaires \u00e0 domicile ou pour tout autres renseignements, il suffit de contacter la Dre Pinard en remplissant notre formulaire! Nom et pr\u00e9nom * Votre courriel * Num\u00e9ro de t\u00e9l\u00e9phone &hellip; Read More\" \/>\n<meta property=\"og:url\" content=\"https:\/\/drpinard.com\/en\/nous-contacter\/\" \/>\n<meta property=\"og:site_name\" content=\"Dre Isabelle Pinard\" \/>\n<meta property=\"article:modified_time\" content=\"2025-08-06T16:45:37+00:00\" \/>\n<meta name=\"twitter:card\" content=\"summary_large_image\" \/>\n<meta name=\"twitter:label1\" content=\"Est. reading time\" \/>\n\t<meta name=\"twitter:data1\" content=\"1 minute\" \/>\n<script type=\"application\/ld+json\" class=\"yoast-schema-graph\">{\"@context\":\"https:\/\/schema.org\",\"@graph\":[{\"@type\":\"WebPage\",\"@id\":\"https:\/\/drpinard.com\/nous-contacter\/\",\"url\":\"https:\/\/drpinard.com\/nous-contacter\/\",\"name\":\"Nous Contacter - Dre Isabelle Pinard\",\"isPartOf\":{\"@id\":\"https:\/\/drpinard.com\/#website\"},\"datePublished\":\"2025-03-27T07:34:08+00:00\",\"dateModified\":\"2025-08-06T16:45:37+00:00\",\"breadcrumb\":{\"@id\":\"https:\/\/drpinard.com\/nous-contacter\/#breadcrumb\"},\"inLanguage\":\"en-CA\",\"potentialAction\":[{\"@type\":\"ReadAction\",\"target\":[\"https:\/\/drpinard.com\/nous-contacter\/\"]}]},{\"@type\":\"BreadcrumbList\",\"@id\":\"https:\/\/drpinard.com\/nous-contacter\/#breadcrumb\",\"itemListElement\":[{\"@type\":\"ListItem\",\"position\":1,\"name\":\"Accueil\",\"item\":\"https:\/\/drpinard.com\/\"},{\"@type\":\"ListItem\",\"position\":2,\"name\":\"Nous Contacter\"}]},{\"@type\":\"WebSite\",\"@id\":\"https:\/\/drpinard.com\/#website\",\"url\":\"https:\/\/drpinard.com\/\",\"name\":\"Dre Isabelle Pinard\",\"description\":\"\",\"publisher\":{\"@id\":\"https:\/\/drpinard.com\/#organization\"},\"potentialAction\":[{\"@type\":\"SearchAction\",\"target\":{\"@type\":\"EntryPoint\",\"urlTemplate\":\"https:\/\/drpinard.com\/?s={search_term_string}\"},\"query-input\":{\"@type\":\"PropertyValueSpecification\",\"valueRequired\":true,\"valueName\":\"search_term_string\"}}],\"inLanguage\":\"en-CA\"},{\"@type\":\"Organization\",\"@id\":\"https:\/\/drpinard.com\/#organization\",\"name\":\"Dre Isabelle Pinard\",\"url\":\"https:\/\/drpinard.com\/\",\"logo\":{\"@type\":\"ImageObject\",\"inLanguage\":\"en-CA\",\"@id\":\"https:\/\/drpinard.com\/#\/schema\/logo\/image\/\",\"url\":\"https:\/\/drpinard.com\/wp-content\/uploads\/2025\/03\/cropped-logos_dr_Pinard2015c-1.png\",\"contentUrl\":\"https:\/\/drpinard.com\/wp-content\/uploads\/2025\/03\/cropped-logos_dr_Pinard2015c-1.png\",\"width\":259,\"height\":125,\"caption\":\"Dre Isabelle Pinard\"},\"image\":{\"@id\":\"https:\/\/drpinard.com\/#\/schema\/logo\/image\/\"}}]}<\/script>\n<!-- \/ Yoast SEO plugin. -->","yoast_head_json":{"title":"Nous Contacter - Dre Isabelle Pinard","robots":{"index":"index","follow":"follow","max-snippet":"max-snippet:-1","max-image-preview":"max-image-preview:large","max-video-preview":"max-video-preview:-1"},"canonical":"https:\/\/drpinard.com\/en\/nous-contacter\/","og_locale":"en_US","og_type":"article","og_title":"Nous Contacter - Dre Isabelle Pinard","og_description":"Contactez Dre Pinard Pour de plus amples informations concernant nos services v\u00e9t\u00e9rinaires \u00e0 domicile ou pour tout autres renseignements, il suffit de contacter la Dre Pinard en remplissant notre formulaire! Nom et pr\u00e9nom * Votre courriel * Num\u00e9ro de t\u00e9l\u00e9phone &hellip; Read More","og_url":"https:\/\/drpinard.com\/en\/nous-contacter\/","og_site_name":"Dre Isabelle Pinard","article_modified_time":"2025-08-06T16:45:37+00:00","twitter_card":"summary_large_image","twitter_misc":{"Est. reading time":"1 minute"},"schema":{"@context":"https:\/\/schema.org","@graph":[{"@type":"WebPage","@id":"https:\/\/drpinard.com\/nous-contacter\/","url":"https:\/\/drpinard.com\/nous-contacter\/","name":"Nous Contacter - Dre Isabelle Pinard","isPartOf":{"@id":"https:\/\/drpinard.com\/#website"},"datePublished":"2025-03-27T07:34:08+00:00","dateModified":"2025-08-06T16:45:37+00:00","breadcrumb":{"@id":"https:\/\/drpinard.com\/nous-contacter\/#breadcrumb"},"inLanguage":"en-CA","potentialAction":[{"@type":"ReadAction","target":["https:\/\/drpinard.com\/nous-contacter\/"]}]},{"@type":"BreadcrumbList","@id":"https:\/\/drpinard.com\/nous-contacter\/#breadcrumb","itemListElement":[{"@type":"ListItem","position":1,"name":"Accueil","item":"https:\/\/drpinard.com\/"},{"@type":"ListItem","position":2,"name":"Nous Contacter"}]},{"@type":"WebSite","@id":"https:\/\/drpinard.com\/#website","url":"https:\/\/drpinard.com\/","name":"Dre Isabelle Pinard","description":"","publisher":{"@id":"https:\/\/drpinard.com\/#organization"},"potentialAction":[{"@type":"SearchAction","target":{"@type":"EntryPoint","urlTemplate":"https:\/\/drpinard.com\/?s={search_term_string}"},"query-input":{"@type":"PropertyValueSpecification","valueRequired":true,"valueName":"search_term_string"}}],"inLanguage":"en-CA"},{"@type":"Organization","@id":"https:\/\/drpinard.com\/#organization","name":"Dre Isabelle Pinard","url":"https:\/\/drpinard.com\/","logo":{"@type":"ImageObject","inLanguage":"en-CA","@id":"https:\/\/drpinard.com\/#\/schema\/logo\/image\/","url":"https:\/\/drpinard.com\/wp-content\/uploads\/2025\/03\/cropped-logos_dr_Pinard2015c-1.png","contentUrl":"https:\/\/drpinard.com\/wp-content\/uploads\/2025\/03\/cropped-logos_dr_Pinard2015c-1.png","width":259,"height":125,"caption":"Dre Isabelle Pinard"},"image":{"@id":"https:\/\/drpinard.com\/#\/schema\/logo\/image\/"}}]}},"_links":{"self":[{"href":"https:\/\/drpinard.com\/en\/wp-json\/wp\/v2\/pages\/294","targetHints":{"allow":["GET"]}}],"collection":[{"href":"https:\/\/drpinard.com\/en\/wp-json\/wp\/v2\/pages"}],"about":[{"href":"https:\/\/drpinard.com\/en\/wp-json\/wp\/v2\/types\/page"}],"author":[{"embeddable":true,"href":"https:\/\/drpinard.com\/en\/wp-json\/wp\/v2\/users\/4"}],"replies":[{"embeddable":true,"href":"https:\/\/drpinard.com\/en\/wp-json\/wp\/v2\/comments?post=294"}],"version-history":[{"count":49,"href":"https:\/\/drpinard.com\/en\/wp-json\/wp\/v2\/pages\/294\/revisions"}],"predecessor-version":[{"id":534,"href":"https:\/\/drpinard.com\/en\/wp-json\/wp\/v2\/pages\/294\/revisions\/534"}],"wp:attachment":[{"href":"https:\/\/drpinard.com\/en\/wp-json\/wp\/v2\/media?parent=294"}],"curies":[{"name":"wp","href":"https:\/\/api.w.org\/{rel}","templated":true}]}}